{"id":97,"date":"2026-03-08T01:54:44","date_gmt":"2026-03-08T04:54:44","guid":{"rendered":"http:\/\/koraexperience.com.br\/?page_id=97"},"modified":"2026-03-09T03:35:05","modified_gmt":"2026-03-09T06:35:05","slug":"sobre","status":"publish","type":"page","link":"https:\/\/koraexperience.com.br\/?page_id=97","title":{"rendered":"Sobre"},"content":{"rendered":"\n<p><\/p>\n\n\n\n<p><\/p>\n\n\n\n<h2 class=\"wp-block-heading has-text-align-center has-border-color has-white-border-color\" style=\"border-width:40px;font-size:38px\">Sobre<\/h2>\n\n\n\n<figure class=\"wp-block-image alignleft size-full is-resized is-style-default\"><img loading=\"lazy\" decoding=\"async\" width=\"640\" height=\"425\" src=\"http:\/\/koraexperience.com.br\/wp-content\/uploads\/2026\/03\/post-it1.jpeg\" alt=\"\" class=\"wp-image-272\" style=\"aspect-ratio:1.5081570996978853;width:564px;height:auto\" srcset=\"https:\/\/koraexperience.com.br\/wp-content\/uploads\/2026\/03\/post-it1.jpeg 640w, https:\/\/koraexperience.com.br\/wp-content\/uploads\/2026\/03\/post-it1-300x199.jpeg 300w\" sizes=\"auto, (max-width: 640px) 100vw, 640px\" \/><\/figure>\n\n\n\n<p class=\"has-black-color has-text-color has-link-color wp-elements-b2c452c79f85c8cd8b5e0409f767f620\"><strong>A Kora Experience nasceu da observa\u00e7\u00e3o de que muitas empresas crescem mais r\u00e1pido do que sua estrutura consegue acompanhar.<\/strong><\/p>\n\n\n\n<p class=\"has-black-color has-text-color has-link-color wp-elements-fdd1f45ce6898035605d2c2c953410f3\">Nosso trabalho \u00e9 ajudar essas empresas a reorganizar sua base para que o crescimento volte a ser sustent\u00e1vel.<\/p>\n\n\n\n<p class=\"has-black-color has-text-color has-link-color wp-elements-107d47ab44503188b2d4308d88dc67e2\">Por meio de diagn\u00f3stico estrat\u00e9gico organizamos processos, jornadas e posicionamento, fortalecendo equipes e sustentando crescimento de longo prazo.<\/p>\n\n\n\n<hr class=\"wp-block-separator has-text-color has-white-color has-alpha-channel-opacity has-white-background-color has-background\" style=\"margin-top:var(--wp--preset--spacing--80);margin-bottom:var(--wp--preset--spacing--80)\"\/>\n\n\n\n<h2 class=\"wp-block-heading has-text-align-center\" style=\"font-size:38px\">Fundadoras<\/h2>\n\n\n\n<div class=\"wp-block-columns is-layout-flex wp-container-core-columns-is-layout-28f84493 wp-block-columns-is-layout-flex\">\n<div class=\"wp-block-column is-layout-flow wp-block-column-is-layout-flow\">\n<figure class=\"wp-block-image size-full is-resized is-style-rounded\"><img loading=\"lazy\" decoding=\"async\" width=\"814\" height=\"814\" src=\"http:\/\/koraexperience.com.br\/wp-content\/uploads\/2026\/03\/dani-kussama.png\" alt=\"\" class=\"wp-image-62\" style=\"width:217px;height:auto\" srcset=\"https:\/\/koraexperience.com.br\/wp-content\/uploads\/2026\/03\/dani-kussama.png 814w, https:\/\/koraexperience.com.br\/wp-content\/uploads\/2026\/03\/dani-kussama-300x300.png 300w, https:\/\/koraexperience.com.br\/wp-content\/uploads\/2026\/03\/dani-kussama-150x150.png 150w, https:\/\/koraexperience.com.br\/wp-content\/uploads\/2026\/03\/dani-kussama-768x768.png 768w\" sizes=\"auto, (max-width: 814px) 100vw, 814px\" \/><figcaption class=\"wp-element-caption\"><mark style=\"background-color:rgba(0, 0, 0, 0);color:#000000\" class=\"has-inline-color\"><strong>Dani Kussama<\/strong><br>Estrat\u00e9gia e Arquitetura Organizacional<br><\/mark>Especialista em organiza\u00e7\u00e3o estrutural, desenho de solu\u00e7\u00f5es estrat\u00e9gicas e estrutura\u00e7\u00e3o de neg\u00f3cios em crescimento.<\/figcaption><\/figure>\n<\/div>\n\n\n\n<div class=\"wp-block-column is-layout-flow wp-block-column-is-layout-flow\">\n<figure class=\"wp-block-image size-full is-resized is-style-rounded\"><img loading=\"lazy\" decoding=\"async\" width=\"814\" height=\"814\" src=\"http:\/\/koraexperience.com.br\/wp-content\/uploads\/2026\/03\/jana-t-mota.png\" alt=\"\" class=\"wp-image-63\" style=\"width:212px;height:auto\" srcset=\"https:\/\/koraexperience.com.br\/wp-content\/uploads\/2026\/03\/jana-t-mota.png 814w, https:\/\/koraexperience.com.br\/wp-content\/uploads\/2026\/03\/jana-t-mota-300x300.png 300w, https:\/\/koraexperience.com.br\/wp-content\/uploads\/2026\/03\/jana-t-mota-150x150.png 150w, https:\/\/koraexperience.com.br\/wp-content\/uploads\/2026\/03\/jana-t-mota-768x768.png 768w\" sizes=\"auto, (max-width: 814px) 100vw, 814px\" \/><figcaption class=\"wp-element-caption\"><mark style=\"background-color:rgba(0, 0, 0, 0);color:#000000\" class=\"has-inline-color\"><strong>Jana T. Mota<\/strong><br>Cultura, Experi\u00eancia e Desenvolvimento Humano<\/mark><br>Especialista em desenvolvimento humano e constru\u00e7\u00e3o de culturas organizacionais alinhadas \u00e0 estrat\u00e9gia.<\/figcaption><\/figure>\n<\/div>\n<\/div>\n\n\n\n<div class=\"wp-block-buttons is-content-justification-center is-layout-flex wp-container-core-buttons-is-layout-a89b3969 wp-block-buttons-is-layout-flex\">\n<div class=\"wp-block-button\"><a class=\"wp-block-button__link has-black-color has-text-color has-background has-link-color wp-element-button\" href=\"https:\/\/wa.me\/5511986839019?text=Ol%C3%A1.%20Acessei%20o%20site%20da%20Kora%20Experience%20e%20gostaria%20de%20agendar%20uma%20conversa%20estrat%C3%A9gica%20de%2030%20minutos.\" style=\"background-color:#ff6d70\"><strong><mark style=\"background-color:rgba(0, 0, 0, 0);color:#000000\" class=\"has-inline-color\">Solicitar conversa estrat\u00e9gica<\/mark><\/strong><\/a><\/div>\n<\/div>\n\n\n\n<p class=\"has-text-align-center has-border-color has-white-border-color\" style=\"border-width:25px\"><em><mark style=\"background-color:rgba(0, 0, 0, 0);color:#000000\" class=\"has-inline-color\"><mark style=\"background-color:rgba(0, 0, 0, 0);color:#000000\" class=\"has-inline-color\"><em>Sem compromisso. Apenas uma conversa para avaliar seu cen\u00e1rio atual. Respondemos normalmente no mesmo dia \u00fatil.<\/em><\/mark><\/mark><\/em><\/p>\n","protected":false},"excerpt":{"rendered":"<p>Sobre A Kora Experience nasceu da observa\u00e7\u00e3o de que muitas empresas crescem mais r\u00e1pido do que sua estrutura consegue acompanhar. [&hellip;]<\/p>\n","protected":false},"author":1,"featured_media":0,"parent":14,"menu_order":0,"comment_status":"closed","ping_status":"closed","template":"","meta":{"site-sidebar-layout":"default","site-content-layout":"","ast-site-content-layout":"default","site-content-style":"default","site-sidebar-style":"default","ast-global-header-display":"","ast-banner-title-visibility":"","ast-main-header-display":"","ast-hfb-above-header-display":"","ast-hfb-below-header-display":"","ast-hfb-mobile-header-display":"","site-post-title":"disabled","ast-breadcrumbs-content":"","ast-featured-img":"","footer-sml-layout":"","ast-disable-related-posts":"","theme-transparent-header-meta":"","adv-header-id-meta":"","stick-header-meta":"","header-above-stick-meta":"","header-main-stick-meta":"","header-below-stick-meta":"","astra-migrate-meta-layouts":"default","ast-page-background-enabled":"default","ast-page-background-meta":{"desktop":{"background-color":"var(--ast-global-color-5)","background-image":"","background-repeat":"repeat","background-position":"center center","background-size":"auto","background-attachment":"scroll","background-type":"","background-media":"","overlay-type":"","overlay-color":"","overlay-opacity":"","overlay-gradient":""},"tablet":{"background-color":"","background-image":"","background-repeat":"repeat","background-position":"center center","background-size":"auto","background-attachment":"scroll","background-type":"","background-media":"","overlay-type":"","overlay-color":"","overlay-opacity":"","overlay-gradient":""},"mobile":{"background-color":"","background-image":"","background-repeat":"repeat","background-position":"center center","background-size":"auto","background-attachment":"scroll","background-type":"","background-media":"","overlay-type":"","overlay-color":"","overlay-opacity":"","overlay-gradient":""}},"ast-content-background-meta":{"desktop":{"background-color":"var(--ast-global-color-4)","background-image":"","background-repeat":"repeat","background-position":"center center","background-size":"auto","background-attachment":"scroll","background-type":"","background-media":"","overlay-type":"","overlay-color":"","overlay-opacity":"","overlay-gradient":""},"tablet":{"background-color":"var(--ast-global-color-4)","background-image":"","background-repeat":"repeat","background-position":"center center","background-size":"auto","background-attachment":"scroll","background-type":"","background-media":"","overlay-type":"","overlay-color":"","overlay-opacity":"","overlay-gradient":""},"mobile":{"background-color":"var(--ast-global-color-4)","background-image":"","background-repeat":"repeat","background-position":"center center","background-size":"auto","background-attachment":"scroll","background-type":"","background-media":"","overlay-type":"","overlay-color":"","overlay-opacity":"","overlay-gradient":""}},"footnotes":""},"class_list":["post-97","page","type-page","status-publish","hentry"],"_links":{"self":[{"href":"https:\/\/koraexperience.com.br\/index.php?rest_route=\/wp\/v2\/pages\/97","targetHints":{"allow":["GET"]}}],"collection":[{"href":"https:\/\/koraexperience.com.br\/index.php?rest_route=\/wp\/v2\/pages"}],"about":[{"href":"https:\/\/koraexperience.com.br\/index.php?rest_route=\/wp\/v2\/types\/page"}],"author":[{"embeddable":true,"href":"https:\/\/koraexperience.com.br\/index.php?rest_route=\/wp\/v2\/users\/1"}],"replies":[{"embeddable":true,"href":"https:\/\/koraexperience.com.br\/index.php?rest_route=%2Fwp%2Fv2%2Fcomments&post=97"}],"version-history":[{"count":26,"href":"https:\/\/koraexperience.com.br\/index.php?rest_route=\/wp\/v2\/pages\/97\/revisions"}],"predecessor-version":[{"id":312,"href":"https:\/\/koraexperience.com.br\/index.php?rest_route=\/wp\/v2\/pages\/97\/revisions\/312"}],"up":[{"embeddable":true,"href":"https:\/\/koraexperience.com.br\/index.php?rest_route=\/wp\/v2\/pages\/14"}],"wp:attachment":[{"href":"https:\/\/koraexperience.com.br\/index.php?rest_route=%2Fwp%2Fv2%2Fmedia&parent=97"}],"curies":[{"name":"wp","href":"https:\/\/api.w.org\/{rel}","templated":true}]}}