{"id":94,"date":"2026-03-08T01:52:32","date_gmt":"2026-03-08T04:52:32","guid":{"rendered":"http:\/\/koraexperience.com.br\/?page_id=94"},"modified":"2026-03-09T03:34:51","modified_gmt":"2026-03-09T06:34:51","slug":"para-quem-e","status":"publish","type":"page","link":"https:\/\/koraexperience.com.br\/?page_id=94","title":{"rendered":"Para quem \u00e9"},"content":{"rendered":"\n<h2 class=\"wp-block-heading has-text-align-center has-border-color has-white-border-color\" style=\"border-width:40px;font-size:38px\">Para quem \u00e9<\/h2>\n\n\n\n<figure class=\"wp-block-image alignright size-full is-resized is-style-default\"><img loading=\"lazy\" decoding=\"async\" width=\"640\" height=\"426\" src=\"http:\/\/koraexperience.com.br\/wp-content\/uploads\/2026\/03\/para-quem1.jpeg\" alt=\"\" class=\"wp-image-269\" style=\"aspect-ratio:1.5018228498074455;width:531px;height:auto\" srcset=\"https:\/\/koraexperience.com.br\/wp-content\/uploads\/2026\/03\/para-quem1.jpeg 640w, https:\/\/koraexperience.com.br\/wp-content\/uploads\/2026\/03\/para-quem1-300x200.jpeg 300w\" sizes=\"auto, (max-width: 640px) 100vw, 640px\" \/><\/figure>\n\n\n\n<p class=\"has-black-color has-text-color has-link-color wp-elements-62e0134e36656c085dd5acaf32ea452e\"><strong>A Kora \u00e9 indicada para empresas que:<\/strong><\/p>\n\n\n\n<p class=\"has-black-color has-text-color has-link-color wp-elements-266f4871b3d3fec9d489e7e7374b711e\">\u2022 Est\u00e3o em crescimento<br>\u2022 Enfrentam desalinhamento interno<br>\u2022 Desejam organizar sua estrutura<br>\u2022 Buscam crescimento mais previs\u00edvel<br>\u2022 Querem profissionalizar a opera\u00e7\u00e3o<\/p>\n\n\n\n<p class=\"has-black-color has-text-color has-link-color wp-elements-c188a5f0e1074d50a4fb46bf6477efed\">N\u00e3o \u00e9 indicada para empresas que buscam apenas solu\u00e7\u00f5es r\u00e1pidas sem reorganiza\u00e7\u00e3o estrutural.<\/p>\n\n\n\n<p class=\"has-black-color has-text-color has-link-color wp-elements-9ac00cf961d1ea846fe5a532228b76c6\"><\/p>\n\n\n\n<p><mark style=\"background-color:rgba(0, 0, 0, 0)\" class=\"has-inline-color has-ast-global-color-5-color\">.<\/mark><\/p>\n\n\n\n<p><mark style=\"background-color:rgba(0, 0, 0, 0)\" class=\"has-inline-color has-ast-global-color-5-color\">.<\/mark><\/p>\n\n\n\n<div class=\"wp-block-buttons is-content-justification-center is-layout-flex wp-container-core-buttons-is-layout-a89b3969 wp-block-buttons-is-layout-flex\">\n<div class=\"wp-block-button\"><a class=\"wp-block-button__link has-background wp-element-button\" href=\"https:\/\/wa.me\/5511986839019?text=Ol%C3%A1.%20Acessei%20o%20site%20da%20Kora%20Experience%20e%20gostaria%20de%20agendar%20uma%20conversa%20estrat%C3%A9gica%20de%2030%20minutos.\" style=\"background-color:#ff6d70\"><strong><mark style=\"background-color:rgba(0, 0, 0, 0);color:#000000\" class=\"has-inline-color\">Solicitar conversa estrat\u00e9gica<\/mark><\/strong><\/a><\/div>\n<\/div>\n\n\n\n<p class=\"has-text-align-center has-border-color has-white-border-color\" style=\"border-width:25px\"><em><mark style=\"background-color:rgba(0, 0, 0, 0);color:#000000\" class=\"has-inline-color\"><mark style=\"background-color:rgba(0, 0, 0, 0);color:#000000\" class=\"has-inline-color\"><em>Sem compromisso. Apenas uma conversa para avaliar seu cen\u00e1rio atual. Respondemos normalmente no mesmo dia \u00fatil.<\/em><\/mark><\/mark><\/em><\/p>\n","protected":false},"excerpt":{"rendered":"<p>Para quem \u00e9 A Kora \u00e9 indicada para empresas que: \u2022 Est\u00e3o em crescimento\u2022 Enfrentam desalinhamento interno\u2022 Desejam organizar sua [&hellip;]<\/p>\n","protected":false},"author":1,"featured_media":0,"parent":14,"menu_order":0,"comment_status":"closed","ping_status":"closed","template":"","meta":{"site-sidebar-layout":"default","site-content-layout":"","ast-site-content-layout":"default","site-content-style":"default","site-sidebar-style":"default","ast-global-header-display":"","ast-banner-title-visibility":"","ast-main-header-display":"","ast-hfb-above-header-display":"","ast-hfb-below-header-display":"","ast-hfb-mobile-header-display":"","site-post-title":"disabled","ast-breadcrumbs-content":"","ast-featured-img":"","footer-sml-layout":"","ast-disable-related-posts":"","theme-transparent-header-meta":"","adv-header-id-meta":"","stick-header-meta":"","header-above-stick-meta":"","header-main-stick-meta":"","header-below-stick-meta":"","astra-migrate-meta-layouts":"default","ast-page-background-enabled":"default","ast-page-background-meta":{"desktop":{"background-color":"var(--ast-global-color-5)","background-image":"","background-repeat":"repeat","background-position":"center center","background-size":"auto","background-attachment":"scroll","background-type":"","background-media":"","overlay-type":"","overlay-color":"","overlay-opacity":"","overlay-gradient":""},"tablet":{"background-color":"","background-image":"","background-repeat":"repeat","background-position":"center center","background-size":"auto","background-attachment":"scroll","background-type":"","background-media":"","overlay-type":"","overlay-color":"","overlay-opacity":"","overlay-gradient":""},"mobile":{"background-color":"","background-image":"","background-repeat":"repeat","background-position":"center center","background-size":"auto","background-attachment":"scroll","background-type":"","background-media":"","overlay-type":"","overlay-color":"","overlay-opacity":"","overlay-gradient":""}},"ast-content-background-meta":{"desktop":{"background-color":"var(--ast-global-color-4)","background-image":"","background-repeat":"repeat","background-position":"center center","background-size":"auto","background-attachment":"scroll","background-type":"","background-media":"","overlay-type":"","overlay-color":"","overlay-opacity":"","overlay-gradient":""},"tablet":{"background-color":"var(--ast-global-color-4)","background-image":"","background-repeat":"repeat","background-position":"center center","background-size":"auto","background-attachment":"scroll","background-type":"","background-media":"","overlay-type":"","overlay-color":"","overlay-opacity":"","overlay-gradient":""},"mobile":{"background-color":"var(--ast-global-color-4)","background-image":"","background-repeat":"repeat","background-position":"center center","background-size":"auto","background-attachment":"scroll","background-type":"","background-media":"","overlay-type":"","overlay-color":"","overlay-opacity":"","overlay-gradient":""}},"footnotes":""},"class_list":["post-94","page","type-page","status-publish","hentry"],"_links":{"self":[{"href":"https:\/\/koraexperience.com.br\/index.php?rest_route=\/wp\/v2\/pages\/94","targetHints":{"allow":["GET"]}}],"collection":[{"href":"https:\/\/koraexperience.com.br\/index.php?rest_route=\/wp\/v2\/pages"}],"about":[{"href":"https:\/\/koraexperience.com.br\/index.php?rest_route=\/wp\/v2\/types\/page"}],"author":[{"embeddable":true,"href":"https:\/\/koraexperience.com.br\/index.php?rest_route=\/wp\/v2\/users\/1"}],"replies":[{"embeddable":true,"href":"https:\/\/koraexperience.com.br\/index.php?rest_route=%2Fwp%2Fv2%2Fcomments&post=94"}],"version-history":[{"count":27,"href":"https:\/\/koraexperience.com.br\/index.php?rest_route=\/wp\/v2\/pages\/94\/revisions"}],"predecessor-version":[{"id":311,"href":"https:\/\/koraexperience.com.br\/index.php?rest_route=\/wp\/v2\/pages\/94\/revisions\/311"}],"up":[{"embeddable":true,"href":"https:\/\/koraexperience.com.br\/index.php?rest_route=\/wp\/v2\/pages\/14"}],"wp:attachment":[{"href":"https:\/\/koraexperience.com.br\/index.php?rest_route=%2Fwp%2Fv2%2Fmedia&parent=94"}],"curies":[{"name":"wp","href":"https:\/\/api.w.org\/{rel}","templated":true}]}}