{"id":81,"date":"2026-03-08T01:36:57","date_gmt":"2026-03-08T04:36:57","guid":{"rendered":"http:\/\/koraexperience.com.br\/?page_id=81"},"modified":"2026-03-09T03:34:37","modified_gmt":"2026-03-09T06:34:37","slug":"metodologia-kora","status":"publish","type":"page","link":"https:\/\/koraexperience.com.br\/?page_id=81","title":{"rendered":"Metodologia Kora"},"content":{"rendered":"\n<h2 class=\"wp-block-heading has-text-align-center has-border-color has-ast-global-color-5-border-color\" style=\"border-width:40px;font-size:38px\">Metodologia Kora<\/h2>\n\n\n\n<p class=\"has-black-color has-text-color has-link-color wp-elements-648f0dfc77f3fdee49064eb18a8d5211\">Nossa metodologia integra diagn\u00f3stico estrutural, organiza\u00e7\u00e3o estrat\u00e9gica e implementa\u00e7\u00e3o assistida para sustentar crescimento.<br><\/p>\n\n\n\n<div class=\"wp-block-columns alignwide is-layout-flex wp-container-core-columns-is-layout-28f84493 wp-block-columns-is-layout-flex\">\n<div class=\"wp-block-column is-layout-flow wp-block-column-is-layout-flow\">\n<figure class=\"wp-block-image size-full is-resized\"><img loading=\"lazy\" decoding=\"async\" width=\"76\" height=\"81\" src=\"http:\/\/koraexperience.com.br\/wp-content\/uploads\/2026\/03\/1.png\" alt=\"\" class=\"wp-image-82\" style=\"aspect-ratio:0.9382814275971811;width:86px;height:auto\"\/><figcaption class=\"wp-element-caption\"><mark style=\"background-color:rgba(0, 0, 0, 0);color:#000000\" class=\"has-inline-color\"><strong>Escuta profunda<br><\/strong><\/mark>Compreendemos necessidades reais, gargalos estruturais e aspira\u00e7\u00f5es estrat\u00e9gicas.<\/figcaption><\/figure>\n<\/div>\n\n\n\n<div class=\"wp-block-column is-layout-flow wp-block-column-is-layout-flow\">\n<figure class=\"wp-block-image size-full is-resized\"><img loading=\"lazy\" decoding=\"async\" width=\"76\" height=\"81\" src=\"http:\/\/koraexperience.com.br\/wp-content\/uploads\/2026\/03\/2.png\" alt=\"\" class=\"wp-image-83\" style=\"aspect-ratio:0.9382596951572448;width:84px;height:auto\"\/><figcaption class=\"wp-element-caption\"><mark style=\"background-color:rgba(0, 0, 0, 0);color:#000000\" class=\"has-inline-color\"><strong>Alinhamento estrat\u00e9gico<br><\/strong><\/mark>Integramos prop\u00f3sito, cultura e opera\u00e7\u00e3o nas decis\u00f5es estrat\u00e9gicas.<\/figcaption><\/figure>\n<\/div>\n\n\n\n<div class=\"wp-block-column is-layout-flow wp-block-column-is-layout-flow\">\n<figure class=\"wp-block-image size-full is-resized\"><img loading=\"lazy\" decoding=\"async\" width=\"76\" height=\"81\" src=\"http:\/\/koraexperience.com.br\/wp-content\/uploads\/2026\/03\/3.png\" alt=\"\" class=\"wp-image-84\" style=\"aspect-ratio:0.9382596951572448;width:83px;height:auto\"\/><figcaption class=\"wp-element-caption\"><mark style=\"background-color:rgba(0, 0, 0, 0);color:#000000\" class=\"has-inline-color\"><strong>Experi\u00eancia consistente<br><\/strong><\/mark>Estruturamos jornadas e pontos de contato com coer\u00eancia operacional.<\/figcaption><\/figure>\n<\/div>\n\n\n\n<div class=\"wp-block-column is-layout-flow wp-block-column-is-layout-flow\">\n<figure class=\"wp-block-image size-full is-resized\"><img loading=\"lazy\" decoding=\"async\" width=\"76\" height=\"81\" src=\"http:\/\/koraexperience.com.br\/wp-content\/uploads\/2026\/03\/4.png\" alt=\"\" class=\"wp-image-85\" style=\"aspect-ratio:0.9382596951572448;width:84px;height:auto\"\/><figcaption class=\"wp-element-caption\"><mark style=\"background-color:rgba(0, 0, 0, 0);color:#000000\" class=\"has-inline-color\"><strong>Processos fluidos<br><\/strong><\/mark>Simplificamos fluxos e reduzimos ru\u00eddos operacionais sem perder a dimens\u00e3o humana da gest\u00e3o.<\/figcaption><\/figure>\n<\/div>\n<\/div>\n\n\n\n<div class=\"wp-block-buttons is-content-justification-center is-layout-flex wp-container-core-buttons-is-layout-a89b3969 wp-block-buttons-is-layout-flex\">\n<div class=\"wp-block-button\"><a class=\"wp-block-button__link has-background wp-element-button\" href=\"https:\/\/wa.me\/5511986839019?text=Ol%C3%A1.%20Acessei%20o%20site%20da%20Kora%20Experience%20e%20gostaria%20de%20agendar%20uma%20conversa%20estrat%C3%A9gica%20de%2030%20minutos.\" style=\"background-color:#ff6d70\"><strong><mark style=\"background-color:rgba(0, 0, 0, 0);color:#000000\" class=\"has-inline-color\">Solicitar conversa estrat\u00e9gica<\/mark><\/strong><\/a><\/div>\n<\/div>\n\n\n\n<p class=\"has-text-align-center has-border-color has-white-border-color\" style=\"border-width:25px\"><em><mark style=\"background-color:rgba(0, 0, 0, 0);color:#000000\" class=\"has-inline-color\"><mark style=\"background-color:rgba(0, 0, 0, 0);color:#000000\" class=\"has-inline-color\"><em>Sem compromisso. Apenas uma conversa para avaliar seu cen\u00e1rio atual. Respondemos normalmente no mesmo dia \u00fatil.<\/em><\/mark><\/mark><\/em><\/p>\n","protected":false},"excerpt":{"rendered":"<p>Metodologia Kora Nossa metodologia integra diagn\u00f3stico estrutural, organiza\u00e7\u00e3o estrat\u00e9gica e implementa\u00e7\u00e3o assistida para sustentar crescimento. Sem compromisso. Apenas uma conversa [&hellip;]<\/p>\n","protected":false},"author":1,"featured_media":0,"parent":14,"menu_order":0,"comment_status":"closed","ping_status":"closed","template":"","meta":{"site-sidebar-layout":"default","site-content-layout":"","ast-site-content-layout":"default","site-content-style":"default","site-sidebar-style":"default","ast-global-header-display":"","ast-banner-title-visibility":"","ast-main-header-display":"","ast-hfb-above-header-display":"","ast-hfb-below-header-display":"","ast-hfb-mobile-header-display":"","site-post-title":"disabled","ast-breadcrumbs-content":"","ast-featured-img":"","footer-sml-layout":"","ast-disable-related-posts":"","theme-transparent-header-meta":"","adv-header-id-meta":"","stick-header-meta":"","header-above-stick-meta":"","header-main-stick-meta":"","header-below-stick-meta":"","astra-migrate-meta-layouts":"default","ast-page-background-enabled":"default","ast-page-background-meta":{"desktop":{"background-color":"var(--ast-global-color-5)","background-image":"","background-repeat":"repeat","background-position":"center center","background-size":"auto","background-attachment":"scroll","background-type":"","background-media":"","overlay-type":"","overlay-color":"","overlay-opacity":"","overlay-gradient":""},"tablet":{"background-color":"","background-image":"","background-repeat":"repeat","background-position":"center center","background-size":"auto","background-attachment":"scroll","background-type":"","background-media":"","overlay-type":"","overlay-color":"","overlay-opacity":"","overlay-gradient":""},"mobile":{"background-color":"","background-image":"","background-repeat":"repeat","background-position":"center center","background-size":"auto","background-attachment":"scroll","background-type":"","background-media":"","overlay-type":"","overlay-color":"","overlay-opacity":"","overlay-gradient":""}},"ast-content-background-meta":{"desktop":{"background-color":"var(--ast-global-color-4)","background-image":"","background-repeat":"repeat","background-position":"center center","background-size":"auto","background-attachment":"scroll","background-type":"","background-media":"","overlay-type":"","overlay-color":"","overlay-opacity":"","overlay-gradient":""},"tablet":{"background-color":"var(--ast-global-color-4)","background-image":"","background-repeat":"repeat","background-position":"center center","background-size":"auto","background-attachment":"scroll","background-type":"","background-media":"","overlay-type":"","overlay-color":"","overlay-opacity":"","overlay-gradient":""},"mobile":{"background-color":"var(--ast-global-color-4)","background-image":"","background-repeat":"repeat","background-position":"center center","background-size":"auto","background-attachment":"scroll","background-type":"","background-media":"","overlay-type":"","overlay-color":"","overlay-opacity":"","overlay-gradient":""}},"footnotes":""},"class_list":["post-81","page","type-page","status-publish","hentry"],"_links":{"self":[{"href":"https:\/\/koraexperience.com.br\/index.php?rest_route=\/wp\/v2\/pages\/81","targetHints":{"allow":["GET"]}}],"collection":[{"href":"https:\/\/koraexperience.com.br\/index.php?rest_route=\/wp\/v2\/pages"}],"about":[{"href":"https:\/\/koraexperience.com.br\/index.php?rest_route=\/wp\/v2\/types\/page"}],"author":[{"embeddable":true,"href":"https:\/\/koraexperience.com.br\/index.php?rest_route=\/wp\/v2\/users\/1"}],"replies":[{"embeddable":true,"href":"https:\/\/koraexperience.com.br\/index.php?rest_route=%2Fwp%2Fv2%2Fcomments&post=81"}],"version-history":[{"count":17,"href":"https:\/\/koraexperience.com.br\/index.php?rest_route=\/wp\/v2\/pages\/81\/revisions"}],"predecessor-version":[{"id":310,"href":"https:\/\/koraexperience.com.br\/index.php?rest_route=\/wp\/v2\/pages\/81\/revisions\/310"}],"up":[{"embeddable":true,"href":"https:\/\/koraexperience.com.br\/index.php?rest_route=\/wp\/v2\/pages\/14"}],"wp:attachment":[{"href":"https:\/\/koraexperience.com.br\/index.php?rest_route=%2Fwp%2Fv2%2Fmedia&parent=81"}],"curies":[{"name":"wp","href":"https:\/\/api.w.org\/{rel}","templated":true}]}}